{"id":29,"date":"2022-07-18T17:11:21","date_gmt":"2022-07-18T17:11:21","guid":{"rendered":"https:\/\/pentuscommunications.com\/?page_id=29"},"modified":"2023-01-27T06:20:56","modified_gmt":"2023-01-27T06:20:56","slug":"contact","status":"publish","type":"page","link":"https:\/\/pentuscommunications.com\/fr\/contact\/","title":{"rendered":"Contact us"},"content":{"rendered":"<div data-elementor-type=\"wp-page\" data-elementor-id=\"29\" class=\"elementor elementor-29\">\n\t\t\t\t\t\t<section class=\"elementor-section elementor-top-section elementor-element elementor-element-18c97c00 elementor-section-boxed elementor-section-height-default elementor-section-height-default\" data-id=\"18c97c00\" data-element_type=\"section\">\n\t\t\t\t\t\t\t<div class=\"elementor-background-overlay\"><\/div>\n\t\t\t\t\t\t\t<div class=\"elementor-container elementor-column-gap-default\">\n\t\t\t\t\t<div class=\"elementor-column elementor-col-50 elementor-top-column elementor-element elementor-element-6de7ee36\" data-id=\"6de7ee36\" data-element_type=\"column\">\n\t\t\t<div class=\"elementor-widget-wrap elementor-element-populated\">\n\t\t\t\t\t\t<div class=\"elementor-element elementor-element-7ca2eb1e elementor-invisible elementor-widget elementor-widget-heading\" data-id=\"7ca2eb1e\" data-element_type=\"widget\" data-settings=\"{&quot;_animation&quot;:&quot;fadeIn&quot;}\" data-widget_type=\"heading.default\">\n\t\t\t\t<div class=\"elementor-widget-container\">\n\t\t\t<style>\/*! elementor - v3.20.0 - 13-03-2024 *\/\n.elementor-heading-title{padding:0;margin:0;line-height:1}.elementor-widget-heading .elementor-heading-title[class*=elementor-size-]>a{color:inherit;font-size:inherit;line-height:inherit}.elementor-widget-heading .elementor-heading-title.elementor-size-small{font-size:15px}.elementor-widget-heading .elementor-heading-title.elementor-size-medium{font-size:19px}.elementor-widget-heading .elementor-heading-title.elementor-size-large{font-size:29px}.elementor-widget-heading .elementor-heading-title.elementor-size-xl{font-size:39px}.elementor-widget-heading .elementor-heading-title.elementor-size-xxl{font-size:59px}<\/style><h1 class=\"elementor-heading-title elementor-size-default\">Nous Contacter<\/h1>\t\t<\/div>\n\t\t\t\t<\/div>\n\t\t\t\t<div class=\"elementor-element elementor-element-199409e2 elementor-view-stacked elementor-shape-square elementor-position-left elementor-widget__width-inherit elementor-mobile-position-top elementor-vertical-align-top elementor-invisible elementor-widget elementor-widget-icon-box\" data-id=\"199409e2\" data-element_type=\"widget\" data-settings=\"{&quot;_animation&quot;:&quot;fadeIn&quot;,&quot;_animation_delay&quot;:&quot;100&quot;}\" data-widget_type=\"icon-box.default\">\n\t\t\t\t<div class=\"elementor-widget-container\">\n\t\t\t<link rel=\"stylesheet\" href=\"https:\/\/pentuscommunications.com\/wp-content\/plugins\/elementor\/assets\/css\/widget-icon-box.min.css\">\t\t<div class=\"elementor-icon-box-wrapper\">\n\t\t\t\t\t\t<div class=\"elementor-icon-box-icon\">\n\t\t\t\t<span  class=\"elementor-icon elementor-animation-\">\n\t\t\t\t<i aria-hidden=\"true\" class=\"fas fa-map-marker-alt\"><\/i>\t\t\t\t<\/span>\n\t\t\t<\/div>\n\t\t\t\t\t\t<div class=\"elementor-icon-box-content\">\n\t\t\t\t<h3 class=\"elementor-icon-box-title\">\n\t\t\t\t\t<span  >\n\t\t\t\t\t\tADDRESSES\t\t\t\t\t<\/span>\n\t\t\t\t<\/h3>\n\t\t\t\t\t\t\t\t\t<p class=\"elementor-icon-box-description\">\n\t\t\t\t\t\t<a class=\"links_color\" href=\"https:\/\/goo.gl\/maps\/bEZXmxR2aadVMxHv8\" target=\"_blank\">\u2022 328 Rue Avro, Pointe-Claire, QC H9R 5W5<\/a>\n<br\/>\n<a class=\"links_color\" href=\"https:\/\/goo.gl\/maps\/BRrfDptcGmEkJs5t7\" target=\"_blank\">\u2022 1 Rue Chabanel O, Montr\u00e9al, QC H2N 1N3<\/a>\n<br\/>\n<a class=\"links_color\" href=\"https:\/\/goo.gl\/maps\/3Zpsd9gCXGwL5B6F7\" target=\"_blank\">\u2022 18 Rue Jean-Marc-S\u00e9guin, Rigaud, QC J0P 1P0<\/a>\n\t\t\t\t\t<\/p>\n\t\t\t\t\t\t\t<\/div>\n\t\t<\/div>\n\t\t\t\t<\/div>\n\t\t\t\t<\/div>\n\t\t\t\t<div class=\"elementor-element elementor-element-25bbee47 elementor-view-stacked elementor-shape-square elementor-position-left elementor-mobile-position-top elementor-vertical-align-top elementor-invisible elementor-widget elementor-widget-icon-box\" data-id=\"25bbee47\" data-element_type=\"widget\" data-settings=\"{&quot;_animation&quot;:&quot;fadeIn&quot;,&quot;_animation_delay&quot;:&quot;200&quot;}\" data-widget_type=\"icon-box.default\">\n\t\t\t\t<div class=\"elementor-widget-container\">\n\t\t\t\t\t<div class=\"elementor-icon-box-wrapper\">\n\t\t\t\t\t\t<div class=\"elementor-icon-box-icon\">\n\t\t\t\t<span  class=\"elementor-icon elementor-animation-\">\n\t\t\t\t<i aria-hidden=\"true\" class=\"fas fa-envelope\"><\/i>\t\t\t\t<\/span>\n\t\t\t<\/div>\n\t\t\t\t\t\t<div class=\"elementor-icon-box-content\">\n\t\t\t\t<h3 class=\"elementor-icon-box-title\">\n\t\t\t\t\t<span  >\n\t\t\t\t\t\tEMAIL\t\t\t\t\t<\/span>\n\t\t\t\t<\/h3>\n\t\t\t\t\t\t\t\t\t<p class=\"elementor-icon-box-description\">\n\t\t\t\t\t\t<a class=\"links_color\" href=\"mailto:services@pentuscommunications.com\">services@pentuscommunications.com<\/a>\t\t\t\t\t<\/p>\n\t\t\t\t\t\t\t<\/div>\n\t\t<\/div>\n\t\t\t\t<\/div>\n\t\t\t\t<\/div>\n\t\t\t\t<div class=\"elementor-element elementor-element-7ff97e8d elementor-view-stacked elementor-shape-square elementor-position-left elementor-widget__width-inherit elementor-mobile-position-top elementor-vertical-align-top elementor-invisible elementor-widget elementor-widget-icon-box\" data-id=\"7ff97e8d\" data-element_type=\"widget\" data-settings=\"{&quot;_animation&quot;:&quot;fadeIn&quot;,&quot;_animation_delay&quot;:&quot;100&quot;}\" data-widget_type=\"icon-box.default\">\n\t\t\t\t<div class=\"elementor-widget-container\">\n\t\t\t\t\t<div class=\"elementor-icon-box-wrapper\">\n\t\t\t\t\t\t<div class=\"elementor-icon-box-icon\">\n\t\t\t\t<span  class=\"elementor-icon elementor-animation-\">\n\t\t\t\t<i aria-hidden=\"true\" class=\"fas fa-phone-alt\"><\/i>\t\t\t\t<\/span>\n\t\t\t<\/div>\n\t\t\t\t\t\t<div class=\"elementor-icon-box-content\">\n\t\t\t\t<h3 class=\"elementor-icon-box-title\">\n\t\t\t\t\t<span  >\n\t\t\t\t\t\tT\u00c9L\u00c9PHONER\t\t\t\t\t<\/span>\n\t\t\t\t<\/h3>\n\t\t\t\t\t\t\t\t\t<p class=\"elementor-icon-box-description\">\n\t\t\t\t\t\tCA: <a class=\"links_color\" href=\"tel: 14387932276\">+1 (438) 793-2276<\/a><br\/>\nSans Frais: <a class=\"links_color\" href=\"tel: 18445581841\">+1 (844) 558-1841<\/a>\n\t\t\t\t\t\t\t<\/div>\n\t\t<\/div>\n\t\t\t\t<\/div>\n\t\t\t\t<\/div>\n\t\t\t\t\t<\/div>\n\t\t<\/div>\n\t\t\t\t<div class=\"elementor-column elementor-col-50 elementor-top-column elementor-element elementor-element-63ee7ed6 elementor-invisible\" data-id=\"63ee7ed6\" data-element_type=\"column\" data-settings=\"{&quot;animation&quot;:&quot;fadeIn&quot;}\">\n\t\t\t<div class=\"elementor-widget-wrap elementor-element-populated\">\n\t\t\t\t\t\t<section class=\"elementor-section elementor-inner-section elementor-element elementor-element-b5f305 elementor-section-boxed elementor-section-height-default elementor-section-height-default\" data-id=\"b5f305\" data-element_type=\"section\">\n\t\t\t\t\t\t<div class=\"elementor-container elementor-column-gap-default\">\n\t\t\t\t\t<div class=\"elementor-column elementor-col-100 elementor-inner-column elementor-element elementor-element-1c0b5938 elementor-invisible\" data-id=\"1c0b5938\" data-element_type=\"column\" data-settings=\"{&quot;background_background&quot;:&quot;classic&quot;,&quot;animation&quot;:&quot;fadeIn&quot;}\">\n\t\t\t<div class=\"elementor-widget-wrap elementor-element-populated\">\n\t\t\t\t\t\t<div class=\"elementor-element elementor-element-af4f1e5 elementor-widget elementor-widget-formidable\" data-id=\"af4f1e5\" data-element_type=\"widget\" data-widget_type=\"formidable.default\">\n\t\t\t\t<div class=\"elementor-widget-container\">\n\t\t\t<link rel='stylesheet' id='formidable-css' href='https:\/\/pentuscommunications.com\/wp-content\/plugins\/formidable\/css\/formidableforms.css?ver=2152217' media='all' \/>\n<div class=\"frm_forms  with_frm_style frm_style_formidable-style\" id=\"frm_form_2_container\" data-token=\"85b5cc009619ebb450de45b4063335c2\">\n<form enctype=\"multipart\/form-data\" method=\"post\" class=\"frm-show-form  frm_js_validate\" id=\"form_contact-us\"  data-token=\"85b5cc009619ebb450de45b4063335c2\" action=\"\">\n<div class=\"frm_form_fields\">\n<fieldset>\n<legend class=\"frm_screen_reader\">Nous Contacter<\/legend>\r\n\r\n<div class=\"frm_fields_container\">\n<input type=\"hidden\" name=\"frm_action\" value=\"create\" \/>\n<input type=\"hidden\" name=\"form_id\" value=\"2\" \/>\n<input type=\"hidden\" name=\"frm_hide_fields_2\" id=\"frm_hide_fields_2\" value=\"\" \/>\n<input type=\"hidden\" name=\"form_key\" value=\"contact-us\" \/>\n<input type=\"hidden\" name=\"item_meta[0]\" value=\"\" \/>\n<input type=\"hidden\" id=\"frm_submit_entry_2\" name=\"frm_submit_entry_2\" value=\"bf446d8582\" \/><input type=\"hidden\" name=\"_wp_http_referer\" value=\"\/fr\/wp-json\/wp\/v2\/pages\/29\" \/><div id=\"frm_field_11_container\" class=\"frm_form_field form-field  frm_required_field frm_top_container\">\r\n    <div  id=\"field_ukfpw_label\" class=\"frm_primary_label\">Nom et Pr\u00e9nom\r\n        <span class=\"frm_required\" aria-hidden=\"true\">*<\/span>\r\n    <\/div>\r\n    <fieldset aria-labelledby=\"field_ukfpw_label\">\n\t<legend class=\"frm_screen_reader frm_hidden\">\n\t\tNom et Pr\u00e9nom\t<\/legend>\n\n\t<div  class=\"frm_combo_inputs_container\" id=\"frm_combo_inputs_container_11\" data-name-layout=\"first_last\">\n\t\t\t\t\t<div\n\t\t\t\tid=\"frm_field_11-first_container\"\n\t\t\t\tclass=\"frm_form_field form-field frm_form_subfield-first  frm6\"\n\t\t\t\tdata-sub-field-name=\"first\"\n\t\t\t>\n\t\t\t\t<label for=\"field_ukfpw_first\" class=\"frm_screen_reader frm_hidden\">\n\t\t\t\t\tNom et Pr\u00e9nom\t\t\t\t<\/label>\n\n\t\t\t\t\t\t\t\t\t\t<input\n\t\t\t\t\t\t\ttype=\"text\"\n\t\t\t\t\t\t\tid=\"field_ukfpw_first\"\n\t\t\t\t\t\t\tvalue=\"\"\n\t\t\t\t\t\t\tname=\"item_meta[11][first]\"  placeholder=\"Pr\u00e9nom\" data-reqmsg=\"This field cannot be blank.\" aria-required=\"true\" data-invmsg=\"Full Name is invalid\" aria-invalid=\"false\"  \t\t\t\t\t\t\/>\n\t\t\t\t\t\t\t\t\t<\/div>\n\t\t\t\t\t\t<div\n\t\t\t\tid=\"frm_field_11-last_container\"\n\t\t\t\tclass=\"frm_form_field form-field frm_form_subfield-last  frm6\"\n\t\t\t\tdata-sub-field-name=\"last\"\n\t\t\t>\n\t\t\t\t<label for=\"field_ukfpw_last\" class=\"frm_screen_reader frm_hidden\">\n\t\t\t\t\tNom et Pr\u00e9nom\t\t\t\t<\/label>\n\n\t\t\t\t\t\t\t\t\t\t<input\n\t\t\t\t\t\t\ttype=\"text\"\n\t\t\t\t\t\t\tid=\"field_ukfpw_last\"\n\t\t\t\t\t\t\tvalue=\"\"\n\t\t\t\t\t\t\tname=\"item_meta[11][last]\"  placeholder=\"Nom\" data-reqmsg=\"This field cannot be blank.\" aria-required=\"true\" data-invmsg=\"Full Name is invalid\" aria-invalid=\"false\"  \t\t\t\t\t\t\/>\n\t\t\t\t\t\t\t\t\t<\/div>\n\t\t\t\t<\/div>\n<\/fieldset>\n\r\n    \r\n    \r\n<\/div>\n<div id=\"frm_field_8_container\" class=\"frm_form_field form-field  frm_required_field frm_top_container frm_half\">\r\n    <label for=\"field_29yf4d2\" id=\"field_29yf4d2_label\" class=\"frm_primary_label\">Email\r\n        <span class=\"frm_required\" aria-hidden=\"true\">*<\/span>\r\n    <\/label>\r\n    <input type=\"email\" id=\"field_29yf4d2\" name=\"item_meta[8]\" value=\"\"  placeholder=\"Adresse de courriel\" data-reqmsg=\"This field cannot be blank.\" aria-required=\"true\" data-invmsg=\"Please enter a valid email address\" aria-invalid=\"false\"  \/>\r\n    \r\n    \r\n<\/div>\n<div id=\"frm_field_12_container\" class=\"frm_form_field form-field  frm_top_container frm_half\">\r\n    <label for=\"field_6yru9\" id=\"field_6yru9_label\" class=\"frm_primary_label\">Num\u00e9ro de t\u00e9l\u00e9phone\r\n        <span class=\"frm_required\" aria-hidden=\"true\"><\/span>\r\n    <\/label>\r\n    <input type=\"tel\" id=\"field_6yru9\" name=\"item_meta[12]\" value=\"\"  placeholder=\"Num\u00e9ro de t\u00e9l\u00e9phone\" data-invmsg=\"Phone is invalid\" aria-invalid=\"false\" pattern=\"((\\+\\d{1,3}(-|.| )?\\(?\\d\\)?(-| |.)?\\d{1,5})|(\\(?\\d{2,6}\\)?))(-|.| )?(\\d{3,4})(-|.| )?(\\d{4})(( x| ext)\\d{1,5}){0,1}$\"  \/>\r\n    \r\n    \r\n<\/div>\n<div id=\"frm_field_10_container\" class=\"frm_form_field form-field  frm_required_field frm_top_container frm_full\">\r\n    <label for=\"field_9jv0r12\" id=\"field_9jv0r12_label\" class=\"frm_primary_label\">Message\r\n        <span class=\"frm_required\" aria-hidden=\"true\">*<\/span>\r\n    <\/label>\r\n    <textarea name=\"item_meta[10]\" id=\"field_9jv0r12\" rows=\"5\"  placeholder=\"Votre message\" data-reqmsg=\"This field cannot be blank.\" aria-required=\"true\" data-invmsg=\"Message is invalid\" aria-invalid=\"false\"  ><\/textarea>\r\n    \r\n    \r\n<\/div>\n<div id=\"frm_field_14_container\" class=\"frm_form_field form-field  frm_none_container\">\r\n    <label for=\"g-recaptcha-response\" id=\"field_v24wz_label\" class=\"frm_primary_label\">reCAPTCHA\r\n        <span class=\"frm_required\" aria-hidden=\"true\"><\/span>\r\n    <\/label>\r\n    <div id=\"field_v24wz\" class=\"g-recaptcha\" data-sitekey=\"6LdJRyokAAAAAM6EOCvepn3q--jiYnx4kKe8fJS4\" data-size=\"invisible\" data-theme=\"light\" data-callback=\"frmAfterRecaptcha\"><\/div>\r\n    \r\n    \r\n<\/div>\n\t<input type=\"hidden\" name=\"item_key\" value=\"\" \/>\n\t\t\t\t<div class=\"frm__65cbf567514e0\">\n\t\t\t\t<label for=\"frm_email_2\" >\n\t\t\t\t\tIf you are human, leave this field blank.\t\t\t\t<\/label>\n\t\t\t\t<input  id=\"frm_email_2\" type=\"text\" class=\"frm_verify\" name=\"frm__65cbf567514e0\" value=\"\" autocomplete=\"false\"  \/>\n\t\t\t<\/div>\n\t\t<div class=\"frm_submit\">\r\n\r\n<button class=\"frm_button_submit\" type=\"submit\"  >SUBMIT<\/button>\r\n\r\n<\/div><\/div>\n<\/fieldset>\n<\/div>\n<input type=\"hidden\" name=\"trp-form-language\" value=\"fr\"\/><\/form>\n<\/div>\n\t\t<\/div>\n\t\t\t\t<\/div>\n\t\t\t\t\t<\/div>\n\t\t<\/div>\n\t\t\t\t\t<\/div>\n\t\t<\/section>\n\t\t\t\t\t<\/div>\n\t\t<\/div>\n\t\t\t\t\t<\/div>\n\t\t<\/section>\n\t\t\t\t<section class=\"elementor-section elementor-top-section elementor-element elementor-element-2e093fae elementor-section-full_width elementor-section-height-default elementor-section-height-default\" data-id=\"2e093fae\" data-element_type=\"section\">\n\t\t\t\t\t\t<div class=\"elementor-container elementor-column-gap-no\">\n\t\t\t\t\t<div class=\"elementor-column elementor-col-100 elementor-top-column elementor-element elementor-element-713746ef\" data-id=\"713746ef\" data-element_type=\"column\">\n\t\t\t<div class=\"elementor-widget-wrap elementor-element-populated\">\n\t\t\t\t\t\t<div class=\"elementor-element elementor-element-a58c6b8 elementor-widget elementor-widget-premium-addon-maps\" data-id=\"a58c6b8\" data-element_type=\"widget\" data-widget_type=\"premium-addon-maps.default\">\n\t\t\t\t<div class=\"elementor-widget-container\">\n\t\t\t\r\n\t<div class=\"premium-maps-container\" id=\"premium-maps-container\">\r\n\r\n\t\t\r\n\t\t\t<div class=\"premium_maps_map_height\" data-settings=\"{&quot;zoom&quot;:10,&quot;maptype&quot;:&quot;roadmap&quot;,&quot;streetViewControl&quot;:false,&quot;centerlat&quot;:&quot;45.508888&quot;,&quot;centerlong&quot;:&quot;-73.761668&quot;,&quot;scrollwheel&quot;:false,&quot;fullScreen&quot;:false,&quot;zoomControl&quot;:true,&quot;typeControl&quot;:false,&quot;automaticOpen&quot;:false,&quot;hoverOpen&quot;:false,&quot;hoverClose&quot;:false,&quot;cluster&quot;:false,&quot;cluster_icon&quot;:&quot;&quot;,&quot;drag&quot;:&quot;&quot;,&quot;loadScroll&quot;:&quot;&quot;}\" data-style=\"\">\r\n\t\t\t\t\r\n\t\t\t<div class=\"premium-pin elementor-invisible\" data-lng=\" -73.79766192883606\" data-lat=\"45.470109535140125\" data-icon=\"https:\/\/pentuscommunications.com\/wp-content\/uploads\/2022\/09\/blue_marker2.png\" data-icon-size=\"40\" data-max-width=\"1000\" data-activated=\"\">\r\n\t\t\t\t\t\t\t\t\t<div class='premium-maps-info-container'>\r\n\r\n\t\t\t\t\t\t<div class='premium-maps-title-wrap'>\r\n\t\t\t\t\t\t\t<p class='premium-maps-info-title'>Point-Claire<\/p>\r\n\t\t\t\t\t\t<\/div>\r\n\r\n\t\t\t\t\t\t<div class='premium-maps-info-desc'>\r\n\t\t\t\t\t\t\t<p><strong><a class=\"links_color\" href=\"https:\/\/goo.gl\/maps\/bEZXmxR2aadVMxHv8\" target=\"_blank\" rel=\"noopener\">328 Rue Avro, Pointe-Claire, QC H9R 5W5<\/a><\/strong><\/p>\t\t\t\t\t\t<\/div>\r\n\r\n\t\t\t\t\t<\/div>\r\n\t\t\t\t\t\t\t<\/div>\r\n\r\n\t\t\r\n\t\t\t\t\t\r\n\t\t\t<div class=\"premium-pin elementor-invisible\" data-lng=\"-73.65179352883605\" data-lat=\"45.54435695421405\" data-icon=\"https:\/\/pentuscommunications.com\/wp-content\/uploads\/2022\/09\/blue_marker2.png\" data-icon-size=\"40\" data-max-width=\"1000\" data-activated=\"\">\r\n\t\t\t\t\t\t\t\t\t<div class='premium-maps-info-container'>\r\n\r\n\t\t\t\t\t\t<div class='premium-maps-title-wrap'>\r\n\t\t\t\t\t\t\t<p class='premium-maps-info-title'>Montreal<\/p>\r\n\t\t\t\t\t\t<\/div>\r\n\r\n\t\t\t\t\t\t<div class='premium-maps-info-desc'>\r\n\t\t\t\t\t\t\t<p><strong><a class=\"links_color\" href=\"https:\/\/goo.gl\/maps\/BRrfDptcGmEkJs5t7\" target=\"_blank\" rel=\"noopener\">1 Rue Chabanel O, Montr\u00e9al, QC H2N 1N3<\/a><\/strong><\/p>\t\t\t\t\t\t<\/div>\r\n\r\n\t\t\t\t\t<\/div>\r\n\t\t\t\t\t\t\t<\/div>\r\n\r\n\t\t\r\n\t\t\t\t\t\r\n\t\t\t<div class=\"premium-pin elementor-invisible\" data-lng=\"-74.30447024232791\" data-lat=\"45.484892239359944\" data-icon=\"https:\/\/pentuscommunications.com\/wp-content\/uploads\/2022\/09\/blue_marker2.png\" data-icon-size=\"40\" data-max-width=\"1000\" data-activated=\"\">\r\n\t\t\t\t\t\t\t\t\t<div class='premium-maps-info-container'>\r\n\r\n\t\t\t\t\t\t<div class='premium-maps-title-wrap'>\r\n\t\t\t\t\t\t\t<p class='premium-maps-info-title'>Rigaud<\/p>\r\n\t\t\t\t\t\t<\/div>\r\n\r\n\t\t\t\t\t\t<div class='premium-maps-info-desc'>\r\n\t\t\t\t\t\t\t<p><strong><a class=\"links_color\" href=\"https:\/\/goo.gl\/maps\/3Zpsd9gCXGwL5B6F7\" target=\"_blank\" rel=\"noopener\">18 Rue Jean-Marc-S\u00e9guin, Rigaud, QC J0P 1P0<\/a><\/strong><\/p>\t\t\t\t\t\t<\/div>\r\n\r\n\t\t\t\t\t<\/div>\r\n\t\t\t\t\t\t\t<\/div>\r\n\r\n\t\t\r\n\t\t\t\t\t\r\n\t\t\t<\/div>\r\n\r\n\t\t\r\n\t<\/div>\r\n\r\n\t\t\t\t<\/div>\n\t\t\t\t<\/div>\n\t\t\t\t\t<\/div>\n\t\t<\/div>\n\t\t\t\t\t<\/div>\n\t\t<\/section>\n\t\t\t\t<\/div>","protected":false},"excerpt":{"rendered":"<p>CONTACT US ADDRESSES \u2022 328 Rue Avro, Pointe-Claire, QC H9R 5W5 \u2022 1 Rue Chabanel O, Montr\u00e9al, QC H2N 1N3 \u2022 18 Rue Jean-Marc-S\u00e9guin, Rigaud, QC J0P 1P0 EMAIL services@pentuscommunications.com PHONE CA: +1 (438) 793-2276 Toll Free: +1 (844) 558-1841<\/p>","protected":false},"author":1,"featured_media":0,"parent":0,"menu_order":0,"comment_status":"closed","ping_status":"closed","template":"elementor_header_footer","meta":{"footnotes":""},"class_list":["post-29","page","type-page","status-publish","hentry"],"blocksy_meta":{"styles_descriptor":{"styles":{"desktop":"","tablet":"","mobile":""},"google_fonts":[],"version":6}},"yoast_head":"<!-- This site is optimized with the Yoast SEO plugin v22.0 - https:\/\/yoast.com\/wordpress\/plugins\/seo\/ -->\n<title>Contact us - Pentus Communications<\/title>\n<meta name=\"robots\" content=\"index, follow, max-snippet:-1, max-image-preview:large, max-video-preview:-1\" \/>\n<link rel=\"canonical\" href=\"https:\/\/pentuscommunications.com\/fr\/contact\/\" \/>\n<meta property=\"og:locale\" content=\"fr_CA\" \/>\n<meta property=\"og:type\" content=\"article\" \/>\n<meta property=\"og:title\" content=\"Contact us - Pentus Communications\" \/>\n<meta property=\"og:description\" content=\"CONTACT US ADDRESSES \u2022 328 Rue Avro, Pointe-Claire, QC H9R 5W5 \u2022 1 Rue Chabanel O, Montr\u00e9al, QC H2N 1N3 \u2022 18 Rue Jean-Marc-S\u00e9guin, Rigaud, QC J0P 1P0 EMAIL services@pentuscommunications.com PHONE CA: +1 (438) 793-2276 Toll Free: +1 (844) 558-1841\" \/>\n<meta property=\"og:url\" content=\"https:\/\/pentuscommunications.com\/fr\/contact\/\" \/>\n<meta property=\"og:site_name\" content=\"Pentus Communications\" \/>\n<meta property=\"article:modified_time\" content=\"2023-01-27T06:20:56+00:00\" \/>\n<meta name=\"twitter:card\" content=\"summary_large_image\" \/>\n<script type=\"application\/ld+json\" class=\"yoast-schema-graph\">{\"@context\":\"https:\/\/schema.org\",\"@graph\":[{\"@type\":\"WebPage\",\"@id\":\"https:\/\/pentuscommunications.com\/contact\/\",\"url\":\"https:\/\/pentuscommunications.com\/contact\/\",\"name\":\"Contact us - Pentus Communications\",\"isPartOf\":{\"@id\":\"https:\/\/pentuscommunications.com\/#website\"},\"datePublished\":\"2022-07-18T17:11:21+00:00\",\"dateModified\":\"2023-01-27T06:20:56+00:00\",\"breadcrumb\":{\"@id\":\"https:\/\/pentuscommunications.com\/contact\/#breadcrumb\"},\"inLanguage\":\"fr-CA\",\"potentialAction\":[{\"@type\":\"ReadAction\",\"target\":[\"https:\/\/pentuscommunications.com\/contact\/\"]}]},{\"@type\":\"BreadcrumbList\",\"@id\":\"https:\/\/pentuscommunications.com\/contact\/#breadcrumb\",\"itemListElement\":[{\"@type\":\"ListItem\",\"position\":1,\"name\":\"Home\",\"item\":\"https:\/\/pentuscommunications.com\/\"},{\"@type\":\"ListItem\",\"position\":2,\"name\":\"Contact us\"}]},{\"@type\":\"WebSite\",\"@id\":\"https:\/\/pentuscommunications.com\/#website\",\"url\":\"https:\/\/pentuscommunications.com\/\",\"name\":\"Pentus Communications\",\"description\":\"Unified Communication and Collaboration at its Best\",\"publisher\":{\"@id\":\"https:\/\/pentuscommunications.com\/#organization\"},\"potentialAction\":[{\"@type\":\"SearchAction\",\"target\":{\"@type\":\"EntryPoint\",\"urlTemplate\":\"https:\/\/pentuscommunications.com\/?s={search_term_string}\"},\"query-input\":\"required name=search_term_string\"}],\"inLanguage\":\"fr-CA\"},{\"@type\":\"Organization\",\"@id\":\"https:\/\/pentuscommunications.com\/#organization\",\"name\":\"Pentus Communications\",\"url\":\"https:\/\/pentuscommunications.com\/\",\"logo\":{\"@type\":\"ImageObject\",\"inLanguage\":\"fr-CA\",\"@id\":\"https:\/\/pentuscommunications.com\/#\/schema\/logo\/image\/\",\"url\":\"https:\/\/pentuscommunications.com\/wp-content\/uploads\/2022\/07\/Pentus-Logo-01.png\",\"contentUrl\":\"https:\/\/pentuscommunications.com\/wp-content\/uploads\/2022\/07\/Pentus-Logo-01.png\",\"width\":19176,\"height\":5979,\"caption\":\"Pentus Communications\"},\"image\":{\"@id\":\"https:\/\/pentuscommunications.com\/#\/schema\/logo\/image\/\"},\"sameAs\":[\"https:\/\/www.linkedin.com\/company\/pentus-communications\"]}]}<\/script>\n<!-- \/ Yoast SEO plugin. -->","yoast_head_json":{"title":"Contact us - Pentus Communications","robots":{"index":"index","follow":"follow","max-snippet":"max-snippet:-1","max-image-preview":"max-image-preview:large","max-video-preview":"max-video-preview:-1"},"canonical":"https:\/\/pentuscommunications.com\/fr\/contact\/","og_locale":"fr_CA","og_type":"article","og_title":"Contact us - Pentus Communications","og_description":"CONTACT US ADDRESSES \u2022 328 Rue Avro, Pointe-Claire, QC H9R 5W5 \u2022 1 Rue Chabanel O, Montr\u00e9al, QC H2N 1N3 \u2022 18 Rue Jean-Marc-S\u00e9guin, Rigaud, QC J0P 1P0 EMAIL services@pentuscommunications.com PHONE CA: +1 (438) 793-2276 Toll Free: +1 (844) 558-1841","og_url":"https:\/\/pentuscommunications.com\/fr\/contact\/","og_site_name":"Pentus Communications","article_modified_time":"2023-01-27T06:20:56+00:00","twitter_card":"summary_large_image","schema":{"@context":"https:\/\/schema.org","@graph":[{"@type":"WebPage","@id":"https:\/\/pentuscommunications.com\/contact\/","url":"https:\/\/pentuscommunications.com\/contact\/","name":"Contact us - Pentus Communications","isPartOf":{"@id":"https:\/\/pentuscommunications.com\/#website"},"datePublished":"2022-07-18T17:11:21+00:00","dateModified":"2023-01-27T06:20:56+00:00","breadcrumb":{"@id":"https:\/\/pentuscommunications.com\/contact\/#breadcrumb"},"inLanguage":"fr-CA","potentialAction":[{"@type":"ReadAction","target":["https:\/\/pentuscommunications.com\/contact\/"]}]},{"@type":"BreadcrumbList","@id":"https:\/\/pentuscommunications.com\/contact\/#breadcrumb","itemListElement":[{"@type":"ListItem","position":1,"name":"Home","item":"https:\/\/pentuscommunications.com\/"},{"@type":"ListItem","position":2,"name":"Contact us"}]},{"@type":"WebSite","@id":"https:\/\/pentuscommunications.com\/#website","url":"https:\/\/pentuscommunications.com\/","name":"Pentus Communications","description":"Unified Communication and Collaboration at its Best","publisher":{"@id":"https:\/\/pentuscommunications.com\/#organization"},"potentialAction":[{"@type":"SearchAction","target":{"@type":"EntryPoint","urlTemplate":"https:\/\/pentuscommunications.com\/?s={search_term_string}"},"query-input":"required name=search_term_string"}],"inLanguage":"fr-CA"},{"@type":"Organization","@id":"https:\/\/pentuscommunications.com\/#organization","name":"Pentus Communications","url":"https:\/\/pentuscommunications.com\/","logo":{"@type":"ImageObject","inLanguage":"fr-CA","@id":"https:\/\/pentuscommunications.com\/#\/schema\/logo\/image\/","url":"https:\/\/pentuscommunications.com\/wp-content\/uploads\/2022\/07\/Pentus-Logo-01.png","contentUrl":"https:\/\/pentuscommunications.com\/wp-content\/uploads\/2022\/07\/Pentus-Logo-01.png","width":19176,"height":5979,"caption":"Pentus Communications"},"image":{"@id":"https:\/\/pentuscommunications.com\/#\/schema\/logo\/image\/"},"sameAs":["https:\/\/www.linkedin.com\/company\/pentus-communications"]}]}},"_links":{"self":[{"href":"https:\/\/pentuscommunications.com\/fr\/wp-json\/wp\/v2\/pages\/29","targetHints":{"allow":["GET"]}}],"collection":[{"href":"https:\/\/pentuscommunications.com\/fr\/wp-json\/wp\/v2\/pages"}],"about":[{"href":"https:\/\/pentuscommunications.com\/fr\/wp-json\/wp\/v2\/types\/page"}],"author":[{"embeddable":true,"href":"https:\/\/pentuscommunications.com\/fr\/wp-json\/wp\/v2\/users\/1"}],"replies":[{"embeddable":true,"href":"https:\/\/pentuscommunications.com\/fr\/wp-json\/wp\/v2\/comments?post=29"}],"version-history":[{"count":179,"href":"https:\/\/pentuscommunications.com\/fr\/wp-json\/wp\/v2\/pages\/29\/revisions"}],"predecessor-version":[{"id":3607,"href":"https:\/\/pentuscommunications.com\/fr\/wp-json\/wp\/v2\/pages\/29\/revisions\/3607"}],"wp:attachment":[{"href":"https:\/\/pentuscommunications.com\/fr\/wp-json\/wp\/v2\/media?parent=29"}],"curies":[{"name":"wp","href":"https:\/\/api.w.org\/{rel}","templated":true}]}}